{"id":138,"date":"2015-09-13T15:38:14","date_gmt":"2015-09-13T13:38:14","guid":{"rendered":"http:\/\/stjorenaze.fr\/wp\/?page_id=138"},"modified":"2017-11-20T12:40:44","modified_gmt":"2017-11-20T10:40:44","slug":"projet-pedagogique","status":"publish","type":"page","link":"http:\/\/stjorenaze.fr\/wp\/projet-pedagogique\/","title":{"rendered":"Projet p\u00e9dagogique 2016-2020"},"content":{"rendered":"<p>Nous faisons appel \u00e0 toutes les nouvelles p\u00e9dagogies pour motiver et aider au mieux les enfants qui nous sont confi\u00e9s.<br \/>\nLe mot principal est la diff\u00e9renciation : chaque enfant grandit et progresse \u00e0 son rythme.<br \/>\nCela implique un suivi individuel de chaque \u00e9l\u00e8ve mais n&#8217;exclut pas le travail en groupe et les entraides qui sont nombreuses.<br \/>\nDepuis 4 ans, l&#8217;\u00e9cole a supprim\u00e9 les notes et mis en place des p\u00e9dagogies vari\u00e9es :<br \/>\n&#8211; intelligence multiples<br \/>\n&#8211; p\u00e9dagogies de projets<br \/>\n&#8211; cahiers de r\u00e9ussite<br \/>\n&#8230;<\/p>\n<p>Voici le projet p\u00e9dagogique 2016-2020 :<br \/>\n<iframe src=\"\/\/docs.google.com\/viewer?url=http%3A%2F%2Fstjorenaze.fr%2Fwp%2Fwp-content%2Fuploads%2F2015%2F09%2F13%2FProjet-P%C3%A9dagogique-2016-2020.pdf&hl=fr&embedded=true\" class=\"gde-frame\" style=\"width:100%; height:500px; border: none;\" scrolling=\"no\"><\/iframe>\n<p class=\"gde-text\"><a href=\"http:\/\/stjorenaze.fr\/wp\/wp-content\/uploads\/2015\/09\/13\/Projet-P\u00e9dagogique-2016-2020.pdf\" class=\"gde-link\">T\u00e9l\u00e9charger (PDF, 203KB)<\/a><\/p><\/p>\n","protected":false},"excerpt":{"rendered":"<p>Nous faisons appel \u00e0 toutes les nouvelles p\u00e9dagogies pour motiver et aider au mieux les enfants qui nous sont confi\u00e9s. Le mot principal est la diff\u00e9renciation : chaque enfant grandit et progresse \u00e0 son rythme. Cela implique un suivi individuel de chaque \u00e9l\u00e8ve mais n&#8217;exclut pas le travail en groupe et les entraides qui sont [&hellip;]<\/p>\n","protected":false},"author":15,"featured_media":0,"parent":0,"menu_order":0,"comment_status":"closed","ping_status":"closed","template":"","meta":{"site-sidebar-layout":"default","site-content-layout":"","ast-site-content-layout":"default","site-content-style":"default","site-sidebar-style":"default","ast-global-header-display":"","ast-banner-title-visibility":"","ast-main-header-display":"","ast-hfb-above-header-display":"","ast-hfb-below-header-display":"","ast-hfb-mobile-header-display":"","site-post-title":"","ast-breadcrumbs-content":"","ast-featured-img":"","footer-sml-layout":"","ast-disable-related-posts":"","theme-transparent-header-meta":"","adv-header-id-meta":"","stick-header-meta":"","header-above-stick-meta":"","header-main-stick-meta":"","header-below-stick-meta":"","astra-migrate-meta-layouts":"default","ast-page-background-enabled":"default","ast-page-background-meta":{"desktop":{"background-color":"","background-image":"","background-repeat":"repeat","background-position":"center center","background-size":"auto","background-attachment":"scroll","background-type":"","background-media":"","overlay-type":"","overlay-color":"","overlay-opacity":"","overlay-gradient":""},"tablet":{"background-color":"","background-image":"","background-repeat":"repeat","background-position":"center center","background-size":"auto","background-attachment":"scroll","background-type":"","background-media":"","overlay-type":"","overlay-color":"","overlay-opacity":"","overlay-gradient":""},"mobile":{"background-color":"","background-image":"","background-repeat":"repeat","background-position":"center center","background-size":"auto","background-attachment":"scroll","background-type":"","background-media":"","overlay-type":"","overlay-color":"","overlay-opacity":"","overlay-gradient":""}},"ast-content-background-meta":{"desktop":{"background-color":"var(--ast-global-color-5)","background-image":"","background-repeat":"repeat","background-position":"center center","background-size":"auto","background-attachment":"scroll","background-type":"","background-media":"","overlay-type":"","overlay-color":"","overlay-opacity":"","overlay-gradient":""},"tablet":{"background-color":"var(--ast-global-color-5)","background-image":"","background-repeat":"repeat","background-position":"center center","background-size":"auto","background-attachment":"scroll","background-type":"","background-media":"","overlay-type":"","overlay-color":"","overlay-opacity":"","overlay-gradient":""},"mobile":{"background-color":"var(--ast-global-color-5)","background-image":"","background-repeat":"repeat","background-position":"center center","background-size":"auto","background-attachment":"scroll","background-type":"","background-media":"","overlay-type":"","overlay-color":"","overlay-opacity":"","overlay-gradient":""}},"footnotes":""},"jetpack_sharing_enabled":true,"jetpack_shortlink":"https:\/\/wp.me\/P6OfYJ-2e","_links":{"self":[{"href":"http:\/\/stjorenaze.fr\/wp\/wp-json\/wp\/v2\/pages\/138"}],"collection":[{"href":"http:\/\/stjorenaze.fr\/wp\/wp-json\/wp\/v2\/pages"}],"about":[{"href":"http:\/\/stjorenaze.fr\/wp\/wp-json\/wp\/v2\/types\/page"}],"author":[{"embeddable":true,"href":"http:\/\/stjorenaze.fr\/wp\/wp-json\/wp\/v2\/users\/15"}],"replies":[{"embeddable":true,"href":"http:\/\/stjorenaze.fr\/wp\/wp-json\/wp\/v2\/comments?post=138"}],"version-history":[{"count":5,"href":"http:\/\/stjorenaze.fr\/wp\/wp-json\/wp\/v2\/pages\/138\/revisions"}],"predecessor-version":[{"id":1749,"href":"http:\/\/stjorenaze.fr\/wp\/wp-json\/wp\/v2\/pages\/138\/revisions\/1749"}],"wp:attachment":[{"href":"http:\/\/stjorenaze.fr\/wp\/wp-json\/wp\/v2\/media?parent=138"}],"curies":[{"name":"wp","href":"https:\/\/api.w.org\/{rel}","templated":true}]}}